{"id":10,"date":"2018-06-04T05:15:04","date_gmt":"2018-06-04T05:15:04","guid":{"rendered":"http:\/\/wp3.commonsupport.com\/newwp\/specta\/?page_id=10"},"modified":"2023-01-11T16:21:01","modified_gmt":"2023-01-11T16:21:01","slug":"home","status":"publish","type":"page","link":"https:\/\/tipotejo.com.pt\/","title":{"rendered":"Home"},"content":{"rendered":"<p><section class=\"kc-elm kc-css-483202 kc_row\"><div class=\"kc-row-container\"><div class=\"kc-wrap-columns\"><div class=\"kc-elm kc-css-163961 kc_col-sm-12 kc_column kc_col-sm-12\"><div class=\"kc-col-container\">\n\t<!--Main Slider-->\n\t<section class=\"main-slider \">\n\t\t\n\t\t\t<!-- START Home REVOLUTION SLIDER 6.5.24 --><p class=\"rs-p-wp-fix\"><\/p>\n\t\t\t<rs-module-wrap id=\"rev_slider_1_1_wrapper\" data-source=\"gallery\" style=\"visibility:hidden;background:transparent;padding:0;margin:0px auto;margin-top:0;margin-bottom:0;\">\n\t\t\t\t<rs-module id=\"rev_slider_1_1\" style=\"\" data-version=\"6.5.24\">\n\t\t\t\t\t<rs-slides>\n\t\t\t\t\t\t<rs-slide style=\"position: absolute;\" data-key=\"rs-1\" data-title=\"Slide\" data-thumb=\"\/\/tipotejo.com.pt\/wp-content\/uploads\/2022\/09\/Tipotejo-02-50x50.jpg\" data-in=\"o:0;\" data-out=\"a:false;\">\n\t\t\t\t\t\t\t<img decoding=\"async\" src=\"\/\/tipotejo.com.pt\/wp-content\/plugins\/revslider\/public\/assets\/assets\/dummy.png\" alt=\"\" title=\"Tipotejo 02\" width=\"1134\" height=\"756\" class=\"rev-slidebg tp-rs-img rs-lazyload\" data-lazyload=\"\/\/tipotejo.com.pt\/wp-content\/uploads\/2022\/09\/Tipotejo-02.jpg\" data-no-retina>\n<!--\n\t\t\t\t\t\t\t--><rs-layer\n\t\t\t\t\t\t\t\tid=\"slider-1-slide-1-layer-4\" \n\t\t\t\t\t\t\t\tdata-type=\"text\"\n\t\t\t\t\t\t\t\tdata-rsp_ch=\"on\"\n\t\t\t\t\t\t\t\tdata-xy=\"xo:40px,40px,25px,15px;yo:143px,143px,89px,54px;\"\n\t\t\t\t\t\t\t\tdata-text=\"w:normal;s:56,56,34,20;l:65,65,40,24;ls:-1,-1,0,0;fw:500;\"\n\t\t\t\t\t\t\t\tdata-dim=\"w:565px,565px,354px,218px;minh:0,0,none,none;\"\n\t\t\t\t\t\t\t\tdata-frame_999=\"o:0;st:w;\"\n\t\t\t\t\t\t\t\tstyle=\"z-index:9;font-family:'Montserrat';text-transform:uppercase;\"\n\t\t\t\t\t\t\t>Desde 1967 a fazer impress\u00e3o \n\t\t\t\t\t\t\t<\/rs-layer><!--\n\n\t\t\t\t\t\t\t--><rs-layer\n\t\t\t\t\t\t\t\tid=\"slider-1-slide-1-layer-5\" \n\t\t\t\t\t\t\t\tdata-type=\"shape\"\n\t\t\t\t\t\t\t\tdata-rsp_ch=\"on\"\n\t\t\t\t\t\t\t\tdata-xy=\"xo:-177px,-177px,-110px,-67px;yo:-3px,-3px,-1px,0;\"\n\t\t\t\t\t\t\t\tdata-text=\"w:normal;s:20,20,12,7;l:0,0,15,9;\"\n\t\t\t\t\t\t\t\tdata-dim=\"w:1637,1637,1026,633;h:782,782,490,302;\"\n\t\t\t\t\t\t\t\tdata-frame_999=\"o:0;st:w;\"\n\t\t\t\t\t\t\t\tstyle=\"z-index:8;background-color:rgba(0,0,0,0.5);\"\n\t\t\t\t\t\t\t> \n\t\t\t\t\t\t\t<\/rs-layer><!--\n-->\t\t\t\t\t\t<\/rs-slide>\n\t\t\t\t\t\t<rs-slide style=\"position: absolute;\" data-key=\"rs-2\" data-title=\"Slide\" data-thumb=\"\/\/tipotejo.com.pt\/wp-content\/uploads\/2022\/09\/Tipotejo-09-50x50.jpg\" data-in=\"o:0;\" data-out=\"a:false;\">\n\t\t\t\t\t\t\t<img decoding=\"async\" src=\"\/\/tipotejo.com.pt\/wp-content\/plugins\/revslider\/public\/assets\/assets\/dummy.png\" alt=\"\" title=\"Tipotejo 09\" width=\"1134\" height=\"756\" class=\"rev-slidebg tp-rs-img rs-lazyload\" data-lazyload=\"\/\/tipotejo.com.pt\/wp-content\/uploads\/2022\/09\/Tipotejo-09.jpg\" data-no-retina>\n<!--\n\t\t\t\t\t\t\t--><rs-layer\n\t\t\t\t\t\t\t\tid=\"slider-1-slide-2-layer-6\" \n\t\t\t\t\t\t\t\tdata-type=\"shape\"\n\t\t\t\t\t\t\t\tdata-rsp_ch=\"on\"\n\t\t\t\t\t\t\t\tdata-xy=\"xo:-177px,-177px,-110px,-67px;yo:6px,6px,3px,1px;\"\n\t\t\t\t\t\t\t\tdata-text=\"w:normal;s:20,20,12,7;l:0,0,15,9;\"\n\t\t\t\t\t\t\t\tdata-dim=\"w:1659px,1659px,1040px,641px;h:758,758,474,292;\"\n\t\t\t\t\t\t\t\tdata-frame_999=\"o:0;st:w;\"\n\t\t\t\t\t\t\t\tstyle=\"z-index:8;background-color:rgba(0,0,0,0.5);\"\n\t\t\t\t\t\t\t> \n\t\t\t\t\t\t\t<\/rs-layer><!--\n\n\t\t\t\t\t\t\t--><rs-layer\n\t\t\t\t\t\t\t\tid=\"slider-1-slide-2-layer-7\" \n\t\t\t\t\t\t\t\tdata-type=\"text\"\n\t\t\t\t\t\t\t\tdata-rsp_ch=\"on\"\n\t\t\t\t\t\t\t\tdata-xy=\"xo:583px,583px,365px,225px;yo:162px,162px,101px,62px;\"\n\t\t\t\t\t\t\t\tdata-text=\"w:normal;s:56,56,34,20;l:65,65,40,24;ls:-1,-1,0,0;fw:500;\"\n\t\t\t\t\t\t\t\tdata-dim=\"w:857px,857px,537px,331px;minh:0,0,none,none;\"\n\t\t\t\t\t\t\t\tdata-frame_999=\"o:0;st:w;\"\n\t\t\t\t\t\t\t\tstyle=\"z-index:9;font-family:'Montserrat';text-transform:uppercase;\"\n\t\t\t\t\t\t\t>M\u00e1quinas e processos inovadores \n\t\t\t\t\t\t\t<\/rs-layer><!--\n-->\t\t\t\t\t\t<\/rs-slide>\n\t\t\t\t\t\t<rs-slide style=\"position: absolute;\" data-key=\"rs-3\" data-title=\"Slide\" data-thumb=\"\/\/tipotejo.com.pt\/wp-content\/uploads\/2022\/09\/Tipotejo-slider-3-scaled-50x50.jpg\" data-in=\"o:0;\" data-out=\"a:false;\">\n\t\t\t\t\t\t\t<img decoding=\"async\" src=\"\/\/tipotejo.com.pt\/wp-content\/plugins\/revslider\/public\/assets\/assets\/dummy.png\" alt=\"\" title=\"Tipotejo-slider-3\" width=\"2560\" height=\"1707\" class=\"rev-slidebg tp-rs-img rs-lazyload\" data-lazyload=\"\/\/tipotejo.com.pt\/wp-content\/uploads\/2022\/09\/Tipotejo-slider-3-scaled.jpg\" data-no-retina>\n<!--\n\t\t\t\t\t\t\t--><rs-layer\n\t\t\t\t\t\t\t\tid=\"slider-1-slide-3-layer-8\" \n\t\t\t\t\t\t\t\tdata-type=\"shape\"\n\t\t\t\t\t\t\t\tdata-rsp_ch=\"on\"\n\t\t\t\t\t\t\t\tdata-xy=\"xo:-181px,-181px,-113px,-69px;yo:-9px,-9px,-5px,-3px;\"\n\t\t\t\t\t\t\t\tdata-text=\"w:normal;s:20,20,12,7;l:0,0,15,9;\"\n\t\t\t\t\t\t\t\tdata-dim=\"w:1712px,1712px,1073px,662px;h:772,772,483,297;\"\n\t\t\t\t\t\t\t\tdata-frame_999=\"o:0;st:w;\"\n\t\t\t\t\t\t\t\tstyle=\"z-index:5;background-color:rgba(0,0,0,0.5);\"\n\t\t\t\t\t\t\t> \n\t\t\t\t\t\t\t<\/rs-layer><!--\n\n\t\t\t\t\t\t\t--><rs-layer\n\t\t\t\t\t\t\t\tid=\"slider-1-slide-3-layer-9\" \n\t\t\t\t\t\t\t\tdata-type=\"text\"\n\t\t\t\t\t\t\t\tdata-rsp_ch=\"on\"\n\t\t\t\t\t\t\t\tdata-xy=\"xo:40px,40px,25px,15px;yo:143px,143px,89px,54px;\"\n\t\t\t\t\t\t\t\tdata-text=\"w:normal;s:56,56,34,20;l:65,65,40,24;ls:-1,-1,0,0;fw:500;\"\n\t\t\t\t\t\t\t\tdata-dim=\"w:565px,565px,354px,218px;minh:0,0,none,none;\"\n\t\t\t\t\t\t\t\tdata-frame_999=\"o:0;st:w;\"\n\t\t\t\t\t\t\t\tstyle=\"z-index:9;font-family:'Montserrat';text-transform:uppercase;\"\n\t\t\t\t\t\t\t>Rigoroso prazo de entrega \n\t\t\t\t\t\t\t<\/rs-layer><!--\n-->\t\t\t\t\t\t<\/rs-slide>\n\t\t\t\t\t<\/rs-slides>\n\t\t\t\t\t<rs-static-layers><!--\n\t\t\t\t\t--><\/rs-static-layers>\n\t\t\t\t<\/rs-module>\n\t\t\t\t<script>\n\t\t\t\t\tsetREVStartSize({c: 'rev_slider_1_1',rl:[1240,1240,778,480],el:[868,868,960,720],gw:[1240,1240,778,480],gh:[868,868,960,720],type:'standard',justify:'',layout:'fullwidth',mh:\"0\"});if (window.RS_MODULES!==undefined && window.RS_MODULES.modules!==undefined && window.RS_MODULES.modules[\"revslider11\"]!==undefined) {window.RS_MODULES.modules[\"revslider11\"].once = false;window.revapi1 = undefined;if (window.RS_MODULES.checkMinimal!==undefined) window.RS_MODULES.checkMinimal()}\n\t\t\t\t<\/script>\n\t\t\t<\/rs-module-wrap>\n\t\t\t<!-- END REVOLUTION SLIDER -->\n\t<\/section>\n\t<!--End Main Slider-->\n\n<div class=\"kc-elm kc-css-896263 kc_row kc_row_inner\"><div class=\"kc-elm kc-css-365441 kc_col-sm-12 kc_column_inner kc_col-sm-12\"><div class=\"kc_wrapper kc-col-inner-container\">\n<div class=\"kc-elm kc-css-604617 kc-title-wrap \">\n\n\t<h1 class=\"kc_title\">O QUE FAZEMOS<\/h1>\n<\/div>\n<div class=\"kc-elm kc-css-580211\" style=\"height: 47px; clear: both; width:100%;\"><\/div>\r\n<section class=\"services-page-section\">\r\n    <div class=\"auto-container\">\r\n                        <!--Services Block Three-->\r\n                <div class=\"services-block-three\">\r\n                    <div class=\"inner-box\">\r\n                        <div class=\"row clearfix\">\r\n\r\n                            <!--Content Column-->\r\n                            <div class=\"content-column col-md-5 col-sm-6 col-xs-12\">\r\n                                <div class=\"inner-column\">\r\n                                    <h3><a href=\"#\">Pr\u00e9-impress\u00e3o <span class=\"theme_color\">.<\/span><\/a><\/h3>\r\n                                    <div class=\"text\">Dispondo da mais recente tecnologia em hardware e software, definimos todos os elementos necess\u00e1rios para a concretiza\u00e7\u00e3o do seu projeto<\/div>\r\n                                <\/div>\r\n                            <\/div>\r\n                            <!--Image Column-->\r\n                            <div class=\"image-column col-md-7 col-sm-6 col-xs-12\">\r\n                                <div class=\"inner-column\">\r\n                                    <div class=\"image wow fadeInRight\">\r\n                                        <a href=\"#\">\r\n                                            <img loading=\"lazy\" decoding=\"async\" width=\"555\" height=\"350\" src=\"https:\/\/tipotejo.com.pt\/wp-content\/uploads\/2018\/06\/pre-impressao-tipotejo.jpg\" class=\"img-responsive wp-post-image\" alt=\"\" srcset=\"https:\/\/tipotejo.com.pt\/wp-content\/uploads\/2018\/06\/pre-impressao-tipotejo.jpg 555w, https:\/\/tipotejo.com.pt\/wp-content\/uploads\/2018\/06\/pre-impressao-tipotejo-300x189.jpg 300w\" sizes=\"auto, (max-width: 555px) 100vw, 555px\" \/>                                        <\/a>\r\n                                    <\/div>\r\n                                <\/div>\r\n                            <\/div>\r\n\r\n                        <\/div>\r\n                    <\/div>\r\n                <\/div>\r\n                    \r\n                <!--Services Block Four-->\r\n                <div class=\"services-block-four\">\r\n                    <div class=\"inner-box\">\r\n                        <div class=\"row clearfix\">\r\n\r\n                            <!--Content Column-->\r\n                            <div class=\"content-column pull-right col-md-5 col-sm-6 col-xs-12\">\r\n                                <div class=\"inner-column\">\r\n                                    <h3><a href=\"#\">Impress\u00e3o offset <span class=\"theme_color\">.<\/span><\/a><\/h3>\r\n                                    <div class=\"text\">Recorrendo a m\u00e1quinas de impress\u00e3o a 2 e 4 cores e com t\u00e9cnicos experientes, o seu projeto come\u00e7a a ganhar vida, passando para o papel com a qualidade e rigor que o offset nos oferece.<\/div>\r\n                                <\/div>\r\n                            <\/div>\r\n\r\n                            <!--Image Column-->\r\n                            <div class=\"image-column pull-left col-md-7 col-sm-6 col-xs-12\">\r\n                                <div class=\"inner-column\">\r\n                                    <div class=\"image wow fadeInLeft\">\r\n                                        <a href=\"#\">\r\n                                            <img loading=\"lazy\" decoding=\"async\" width=\"555\" height=\"350\" src=\"https:\/\/tipotejo.com.pt\/wp-content\/uploads\/2018\/06\/impressao-offset-tipotejo.jpg\" class=\"img-responsive wp-post-image\" alt=\"\" srcset=\"https:\/\/tipotejo.com.pt\/wp-content\/uploads\/2018\/06\/impressao-offset-tipotejo.jpg 555w, https:\/\/tipotejo.com.pt\/wp-content\/uploads\/2018\/06\/impressao-offset-tipotejo-300x189.jpg 300w\" sizes=\"auto, (max-width: 555px) 100vw, 555px\" \/>                                        <\/a>\r\n                                    <\/div>\r\n                                <\/div>\r\n                            <\/div>\r\n\r\n                        <\/div>\r\n                    <\/div>\r\n                <\/div>\r\n\r\n                        <!--Services Block Three-->\r\n                <div class=\"services-block-three\">\r\n                    <div class=\"inner-box\">\r\n                        <div class=\"row clearfix\">\r\n\r\n                            <!--Content Column-->\r\n                            <div class=\"content-column col-md-5 col-sm-6 col-xs-12\">\r\n                                <div class=\"inner-column\">\r\n                                    <h3><a href=\"\">Impress\u00e3o digital <span class=\"theme_color\">.<\/span><\/a><\/h3>\r\n                                    <div class=\"text\">Ideal para pequenas tiragens, a impress\u00e3o digital permite um servi\u00e7o com maior rapidez de execu\u00e7\u00e3o adequando a melhor t\u00e9cnica de produ\u00e7\u00e3o gr\u00e1fica para o seu projeto.<\/div>\r\n                                <\/div>\r\n                            <\/div>\r\n                            <!--Image Column-->\r\n                            <div class=\"image-column col-md-7 col-sm-6 col-xs-12\">\r\n                                <div class=\"inner-column\">\r\n                                    <div class=\"image wow fadeInRight\">\r\n                                        <a href=\"\">\r\n                                            <img loading=\"lazy\" decoding=\"async\" width=\"555\" height=\"350\" src=\"https:\/\/tipotejo.com.pt\/wp-content\/uploads\/2018\/06\/impressao-digital-tipotejo.jpg\" class=\"img-responsive wp-post-image\" alt=\"\" srcset=\"https:\/\/tipotejo.com.pt\/wp-content\/uploads\/2018\/06\/impressao-digital-tipotejo.jpg 555w, https:\/\/tipotejo.com.pt\/wp-content\/uploads\/2018\/06\/impressao-digital-tipotejo-300x189.jpg 300w\" sizes=\"auto, (max-width: 555px) 100vw, 555px\" \/>                                        <\/a>\r\n                                    <\/div>\r\n                                <\/div>\r\n                            <\/div>\r\n\r\n                        <\/div>\r\n                    <\/div>\r\n                <\/div>\r\n                    \r\n                <!--Services Block Four-->\r\n                <div class=\"services-block-four\">\r\n                    <div class=\"inner-box\">\r\n                        <div class=\"row clearfix\">\r\n\r\n                            <!--Content Column-->\r\n                            <div class=\"content-column pull-right col-md-5 col-sm-6 col-xs-12\">\r\n                                <div class=\"inner-column\">\r\n                                    <h3><a href=\"#\">Acabamento e Handling <span class=\"theme_color\">.<\/span><\/a><\/h3>\r\n                                    <div class=\"text\">Desde o corte e vinco, passando pela envelopagem, linha de revista, estampagem a quente e outros acabamentos especiais, at\u00e9 \u00e0 expedi\u00e7\u00e3o, dispomos de v\u00e1rios servi\u00e7os que acrescentam valor ao seu projeto at\u00e9 chegar \u00e1s suas m\u00e3os.<\/div>\r\n                                <\/div>\r\n                            <\/div>\r\n\r\n                            <!--Image Column-->\r\n                            <div class=\"image-column pull-left col-md-7 col-sm-6 col-xs-12\">\r\n                                <div class=\"inner-column\">\r\n                                    <div class=\"image wow fadeInLeft\">\r\n                                        <a href=\"#\">\r\n                                            <img loading=\"lazy\" decoding=\"async\" width=\"555\" height=\"350\" src=\"https:\/\/tipotejo.com.pt\/wp-content\/uploads\/2018\/06\/acabamento-handling-tipotejo-1.jpg\" class=\"img-responsive wp-post-image\" alt=\"\" srcset=\"https:\/\/tipotejo.com.pt\/wp-content\/uploads\/2018\/06\/acabamento-handling-tipotejo-1.jpg 555w, https:\/\/tipotejo.com.pt\/wp-content\/uploads\/2018\/06\/acabamento-handling-tipotejo-1-300x189.jpg 300w\" sizes=\"auto, (max-width: 555px) 100vw, 555px\" \/>                                        <\/a>\r\n                                    <\/div>\r\n                                <\/div>\r\n                            <\/div>\r\n\r\n                        <\/div>\r\n                    <\/div>\r\n                <\/div>\r\n\r\n                        <!--Services Block Three-->\r\n                <div class=\"services-block-three\">\r\n                    <div class=\"inner-box\">\r\n                        <div class=\"row clearfix\">\r\n\r\n                            <!--Content Column-->\r\n                            <div class=\"content-column col-md-5 col-sm-6 col-xs-12\">\r\n                                <div class=\"inner-column\">\r\n                                    <h3><a href=\"\">M\u00e1quina de Verniz MGI <span class=\"theme_color\">.<\/span><\/a><\/h3>\r\n                                    <div class=\"text\">Verniz UV Digital 3D \u00e9 uma nova tecnologia que dispomos para valorizar o seu projeto. Com este servi\u00e7o possibilitamos a valoriza\u00e7\u00e3o do seu trabalho atrav\u00e9s da cria\u00e7\u00e3o efeitos visuais e texturas com a inser\u00e7\u00e3o de verniz texturado e\/ou localizado. Cada&hellip;<\/div>\r\n                                <\/div>\r\n                            <\/div>\r\n                            <!--Image Column-->\r\n                            <div class=\"image-column col-md-7 col-sm-6 col-xs-12\">\r\n                                <div class=\"inner-column\">\r\n                                    <div class=\"image wow fadeInRight\">\r\n                                        <a href=\"\">\r\n                                            <img loading=\"lazy\" decoding=\"async\" width=\"555\" height=\"350\" src=\"https:\/\/tipotejo.com.pt\/wp-content\/uploads\/2023\/01\/maquina-de-verniz-mgi-.jpg\" class=\"img-responsive wp-post-image\" alt=\"\" srcset=\"https:\/\/tipotejo.com.pt\/wp-content\/uploads\/2023\/01\/maquina-de-verniz-mgi-.jpg 555w, https:\/\/tipotejo.com.pt\/wp-content\/uploads\/2023\/01\/maquina-de-verniz-mgi--300x189.jpg 300w\" sizes=\"auto, (max-width: 555px) 100vw, 555px\" \/>                                        <\/a>\r\n                                    <\/div>\r\n                                <\/div>\r\n                            <\/div>\r\n\r\n                        <\/div>\r\n                    <\/div>\r\n                <\/div>\r\n                    \r\n                <!--Services Block Four-->\r\n                <div class=\"services-block-four\">\r\n                    <div class=\"inner-box\">\r\n                        <div class=\"row clearfix\">\r\n\r\n                            <!--Content Column-->\r\n                            <div class=\"content-column pull-right col-md-5 col-sm-6 col-xs-12\">\r\n                                <div class=\"inner-column\">\r\n                                    <h3><a href=\"\">Mesa de Corte JWEI <span class=\"theme_color\">.<\/span><\/a><\/h3>\r\n                                    <div class=\"text\">\u00c9 o equipamento ideal para fazer modelos ou pequenos trabalhos de impress\u00e3o sem a necessidade de fazer cortantes, eliminando custos, melhorando a velocidade de corte e os prazos de entrega.<\/div>\r\n                                <\/div>\r\n                            <\/div>\r\n\r\n                            <!--Image Column-->\r\n                            <div class=\"image-column pull-left col-md-7 col-sm-6 col-xs-12\">\r\n                                <div class=\"inner-column\">\r\n                                    <div class=\"image wow fadeInLeft\">\r\n                                        <a href=\"\">\r\n                                            <img loading=\"lazy\" decoding=\"async\" width=\"555\" height=\"350\" src=\"https:\/\/tipotejo.com.pt\/wp-content\/uploads\/2023\/01\/maquina-de-corte-jwei-.jpg\" class=\"img-responsive wp-post-image\" alt=\"\" srcset=\"https:\/\/tipotejo.com.pt\/wp-content\/uploads\/2023\/01\/maquina-de-corte-jwei-.jpg 555w, https:\/\/tipotejo.com.pt\/wp-content\/uploads\/2023\/01\/maquina-de-corte-jwei--300x189.jpg 300w\" sizes=\"auto, (max-width: 555px) 100vw, 555px\" \/>                                        <\/a>\r\n                                    <\/div>\r\n                                <\/div>\r\n                            <\/div>\r\n\r\n                        <\/div>\r\n                    <\/div>\r\n                <\/div>\r\n\r\n                \r\n    <\/div>\r\n<\/section>\r\n\r\n<\/div><\/div><\/div><\/div><\/div><\/div><\/div><\/section><section class=\"kc-elm kc-css-600587 kc_row\"><div class=\"kc-row-container\"><div class=\"kc-wrap-columns\"><div class=\"kc-elm kc-css-494036 kc_col-sm-12 kc_column kc_col-sm-12\"><div class=\"kc-col-container\">\n<div class=\"kc-elm kc-css-462643 kc-title-wrap \">\n\n\t<h1 class=\"kc_title\">OS N\u00daMEROS FALAM POR SI<\/h1>\n<\/div>\n<!--Counter Section-->\n<section class=\"counter-section\">\n    <div class=\"auto-container\">\n        \n                \n            <div class=\"fact-counter\">\n                <div class=\"row clearfix\">\n                                            <!--Column-->\n                        <div class=\"column counter-column col-md-3 col-sm-6 col-xs-12\">\n                            <div class=\"inner\">\n                                <div class=\"icon-box\">\n                                    <span class=\"icon flaticon-briefcase\"><\/span>\n                                <\/div>\n                                <div class=\"count-outer count-box\">\n                                    <span class=\"count-text\" data-speed=\"2000\" data-stop=\"+60000\">0<\/span>\n                                <\/div>\n                                <h4 class=\"counter-title\">Projetos Lan\u00e7ados<\/h4>\n                            <\/div>\n                        <\/div>\n                                            <!--Column-->\n                        <div class=\"column counter-column col-md-3 col-sm-6 col-xs-12\">\n                            <div class=\"inner\">\n                                <div class=\"icon-box\">\n                                    <span class=\"icon flaticon-shield-with-leaves\"><\/span>\n                                <\/div>\n                                <div class=\"count-outer count-box\">\n                                    <span class=\"count-text\" data-speed=\"2000\" data-stop=\"15\">0<\/span>\n                                <\/div>\n                                <h4 class=\"counter-title\">Colaboradores<\/h4>\n                            <\/div>\n                        <\/div>\n                                            <!--Column-->\n                        <div class=\"column counter-column col-md-3 col-sm-6 col-xs-12\">\n                            <div class=\"inner\">\n                                <div class=\"icon-box\">\n                                    <span class=\"icon flaticon-smiling-emoticon-square-face\"><\/span>\n                                <\/div>\n                                <div class=\"count-outer count-box\">\n                                    <span class=\"count-text\" data-speed=\"2000\" data-stop=\"+2000\">0<\/span>\n                                <\/div>\n                                <h4 class=\"counter-title\">Clientes Satisfeitos<\/h4>\n                            <\/div>\n                        <\/div>\n                                            <!--Column-->\n                        <div class=\"column counter-column col-md-3 col-sm-6 col-xs-12\">\n                            <div class=\"inner\">\n                                <div class=\"icon-box\">\n                                    <span class=\"icon flaticon-mouse\"><\/span>\n                                <\/div>\n                                <div class=\"count-outer count-box\">\n                                    <span class=\"count-text\" data-speed=\"2000\" data-stop=\"+56\">0<\/span>\n                                <\/div>\n                                <h4 class=\"counter-title\">Anos de Experi\u00eancia<\/h4>\n                            <\/div>\n                        <\/div>\n                                    <\/div>\n            <\/div>\n        \n                \n    <\/div>\n<\/section>\n<!--End Counter Section--><\/div><\/div><\/div><\/div><\/section><section class=\"kc-elm kc-css-452948 kc_row\"><div class=\"kc-row-container\"><div class=\"kc-wrap-columns\"><div class=\"kc-elm kc-css-251601 kc_col-sm-12 kc_column kc_col-sm-12\"><div class=\"kc-col-container\"><!--Talk Section-->\n<section class=\"talk-section\">\n    <div class=\"auto-container\">\n        <div class=\"row clearfix\">\n            <!--Content Column-->\n            <div class=\"content-column col-md-8 col-sm-12 col-xs-12\">\n                <div class=\"inner-column\">\n                    <div class=\"icon-box\">\n                        <span class=\"icon flaticon-right-arrow-1\"><\/span>\n                    <\/div>\n                    <h3>Fale-nos dos seus projetos<\/h3>\n                    <div class=\"text\">Oferecemos uma excelente rela\u00e7\u00e3o qualidade\/pre\u00e7o e rigorosos prazos de entrega<\/div>\n                <\/div>\n            <\/div>\n            <!--Button Column-->\n            <div class=\"button-column col-md-4 col-sm-12 col-xs-12\">\n                <div class=\"inner-column\">\n                    <a href=\"https:\/\/tipotejo.com.pt\/index.php\/orcamentos\/\" class=\"theme-btn btn-style-one\">Or\u00e7amentos<\/a>\n                <\/div>\n            <\/div>\n        <\/div>\n    <\/div>\n<\/section>\n<!--End Talk Section--><\/div><\/div><\/div><\/div><\/section><\/p>\n","protected":false},"excerpt":{"rendered":"","protected":false},"author":1,"featured_media":0,"parent":0,"menu_order":0,"comment_status":"closed","ping_status":"closed","template":"tpl-visual_composer.php","meta":{"footnotes":""},"class_list":["post-10","page","type-page","status-publish","hentry"],"_links":{"self":[{"href":"https:\/\/tipotejo.com.pt\/index.php\/wp-json\/wp\/v2\/pages\/10","targetHints":{"allow":["GET"]}}],"collection":[{"href":"https:\/\/tipotejo.com.pt\/index.php\/wp-json\/wp\/v2\/pages"}],"about":[{"href":"https:\/\/tipotejo.com.pt\/index.php\/wp-json\/wp\/v2\/types\/page"}],"author":[{"embeddable":true,"href":"https:\/\/tipotejo.com.pt\/index.php\/wp-json\/wp\/v2\/users\/1"}],"replies":[{"embeddable":true,"href":"https:\/\/tipotejo.com.pt\/index.php\/wp-json\/wp\/v2\/comments?post=10"}],"version-history":[{"count":87,"href":"https:\/\/tipotejo.com.pt\/index.php\/wp-json\/wp\/v2\/pages\/10\/revisions"}],"predecessor-version":[{"id":896,"href":"https:\/\/tipotejo.com.pt\/index.php\/wp-json\/wp\/v2\/pages\/10\/revisions\/896"}],"wp:attachment":[{"href":"https:\/\/tipotejo.com.pt\/index.php\/wp-json\/wp\/v2\/media?parent=10"}],"curies":[{"name":"wp","href":"https:\/\/api.w.org\/{rel}","templated":true}]}}